{"id":77,"date":"2018-06-12T18:30:28","date_gmt":"2018-06-12T18:30:28","guid":{"rendered":"http:\/\/sibyllebayda.de\/?page_id=77"},"modified":"2020-01-26T09:10:40","modified_gmt":"2020-01-26T09:10:40","slug":"ueber-mich","status":"publish","type":"page","link":"https:\/\/sibyllebayda.de\/?page_id=77","title":{"rendered":"\u00dcber mich"},"content":{"rendered":"<p><img decoding=\"async\" loading=\"lazy\" class=\"wp-image-127 aligncenter\" src=\"http:\/\/sibyllebayda.de\/wp-content\/uploads\/2018\/07\/SB-228x300.jpg\" alt=\"\" width=\"175\" height=\"231\" srcset=\"https:\/\/sibyllebayda.de\/wp-content\/uploads\/2018\/07\/SB-228x300.jpg 228w, https:\/\/sibyllebayda.de\/wp-content\/uploads\/2018\/07\/SB.jpg 459w\" sizes=\"(max-width: 175px) 100vw, 175px\" \/><\/p>\n<p>Mein Name ist Sibylle Bayda. Ich bin verheiratet und Mutter einer achtzehnj\u00e4hrigen Tochter.<br \/>\nIn meinem ersten Studiengang habe ich mich zur <strong>Diplom-Verwaltungswirtin<\/strong> ausbilden lassen. Hier konnte ich erfahren, wie es sich anf\u00fchlt, nicht am richtigen Platz im Leben zu sein, nicht das zu tun, was wirklich das \u201eEigene\u201c ist. Ich lernte zu sp\u00fcren, was ich wirklich m\u00f6chte in meinem Leben, n\u00e4mlich mit Menschen zu arbeiten, sie auf ihrem Weg zu begleiten. So absolvierte ich ein Studium der <strong>Sozialp\u00e4dagogik<\/strong> in Freiburg. Seit nunmehr 26 Jahren sammele ich bei meiner Arbeit in einer Kinder- und Jugendhilfeeinrichtung eine unglaubliche Vielzahl an unterschiedlichsten Erfahrungen. Wahre Seelenwelten taten sich auf. Ich wurde vertraut mit einer Vielzahl menschlicher Eigenheiten, Leiden, Schicksale, psychischen Krankheitsbildern, aber auch mit der Kraft der Ver\u00e4nderung, der M\u00f6glichkeit von Heilung, dem Vorhandensein von Resilienz. Kreative eigene Anteile konnte ich einflie\u00dfen lassen wie Malen, Theater spielen. Hierzu absolvierte ich eine zweij\u00e4hrige <strong>theaterp\u00e4dagogische Grundausbildung<\/strong>. In meiner auch zweij\u00e4hrigen <strong>tanz- und k\u00f6rpertherapeutischen Ausbildung<\/strong> wuchs in mir das Bewusstsein, wie alle Erlebnisse und Erfahrungen, die wir als Mensch durchleben, in unseren Zellen, in unserem K\u00f6rper abgespeichert sind, als K\u00f6rperged\u00e4chntis in uns weiterleben, sofern wir uns nicht davon durch eigene innere Arbeit an uns erl\u00f6sen. Es wuchs in mir der Wunsch nach einer fundierten therapeutischen Ausbildung. Ich entschied mich f\u00fcr eine sechsj\u00e4hrige Gestalttherapeutische Ausbildung nach Lore und Fritz Pearls und Paul Goodman, die ich am Gestalttherapeutischen Institut \u201eKONTAKTE\u201c in Herzogenrath absolvierte (Abschl\u00fcsse zur <strong>Gestaltberaterin<\/strong>, <strong>Gestaltp\u00e4dagogin<\/strong> und zur <strong>Gestalttherapeutin<\/strong>). Zus\u00e4tzlich zur Arbeit mit Einzelpersonen interessierte ich mich f\u00fcr die Arbeit mit Teams, mit Gruppen. So erg\u00e4nzte ich meine therapeutische Ausbildung um Coaching (Abschluss: <strong>Gestalt-Coach<\/strong>). Das Angebot der therapeutischen Beratung, als auch Coaching-Sitzungen sind seither mein zweites Standbein geworden.<\/p>\n<p>Kontakt und Achtsamkeit sind die gro\u00dfen Schlagworte in der Gestalttherapie. Aus\u00fcbung und Sein in Achtsamkeit ist Bestandteil meines Lebens geworden. In einem MBSR-Kurs nach Jon Kabat-Zinn und Schweigeretreats wurde ich vertraut mit achtsamkeitsbasierten Entspannungsverfahren. In meinen Achtsamkeitskursen verkn\u00fcpfe ich Elemente aus den MBSR-Kursen mit Elementen meiner tanz- und k\u00f6rpertherapeutischen Erfahrung sowie Elementen aus der Gestalttherapie.<\/p>\n<p>Immer schon besch\u00e4ftigte ich mich mit Spiritualit\u00e4t und weiteren M\u00f6glichkeiten, die Menschen zu Heilung und pers\u00f6nlicher Weiterentwicklung verhelfen k\u00f6nnen. So war es mir auch auf dieser Ebene ein gro\u00dfes Bed\u00fcrfnis mich weiterzubilden. Zun\u00e4chst wurde ich <strong>Theta-Healing-Practicioner nach Vianna Stibal<\/strong> (Basis- und Aufbau-Seminar, sowie Vertiefungsseminare \u201eGrabe tiefer\u201c, \u201eManifestieren und F\u00fclle\u201c, &#8222;Ich und mein innerer Kreis&#8220;, &#8222;Seelenpartner&#8220;,&#8220;Ich und Gott&#8220;, regelm\u00e4\u00dfig weiterf\u00fchrende Praxistage). Zus\u00e4tzlich sammelte ich zum einen in zahlreichen Fortbildungen Heilwissen verschiedener russischer Heiler, ebenso wie das Wissen und die F\u00e4higkeit zur <strong>Wirbels\u00e4ulenaufrichtung<\/strong> auf geistigem Weg.<\/p>\n","protected":false},"excerpt":{"rendered":"<p>Mein Name ist Sibylle Bayda. Ich bin verheiratet und Mutter einer achtzehnj\u00e4hrigen Tochter. In meinem ersten Studiengang habe ich mich zur Diplom-Verwaltungswirtin ausbilden lassen. Hier konnte ich erfahren, wie es sich anf\u00fchlt, nicht am richtigen Platz im Leben zu sein, nicht das zu tun, was wirklich das \u201eEigene\u201c ist. Ich lernte zu sp\u00fcren, was ich [&hellip;]<\/p>\n","protected":false},"author":1,"featured_media":127,"parent":0,"menu_order":0,"comment_status":"closed","ping_status":"closed","template":"","meta":[],"_links":{"self":[{"href":"https:\/\/sibyllebayda.de\/index.php?rest_route=\/wp\/v2\/pages\/77"}],"collection":[{"href":"https:\/\/sibyllebayda.de\/index.php?rest_route=\/wp\/v2\/pages"}],"about":[{"href":"https:\/\/sibyllebayda.de\/index.php?rest_route=\/wp\/v2\/types\/page"}],"author":[{"embeddable":true,"href":"https:\/\/sibyllebayda.de\/index.php?rest_route=\/wp\/v2\/users\/1"}],"replies":[{"embeddable":true,"href":"https:\/\/sibyllebayda.de\/index.php?rest_route=%2Fwp%2Fv2%2Fcomments&post=77"}],"version-history":[{"count":32,"href":"https:\/\/sibyllebayda.de\/index.php?rest_route=\/wp\/v2\/pages\/77\/revisions"}],"predecessor-version":[{"id":240,"href":"https:\/\/sibyllebayda.de\/index.php?rest_route=\/wp\/v2\/pages\/77\/revisions\/240"}],"wp:featuredmedia":[{"embeddable":true,"href":"https:\/\/sibyllebayda.de\/index.php?rest_route=\/wp\/v2\/media\/127"}],"wp:attachment":[{"href":"https:\/\/sibyllebayda.de\/index.php?rest_route=%2Fwp%2Fv2%2Fmedia&parent=77"}],"curies":[{"name":"wp","href":"https:\/\/api.w.org\/{rel}","templated":true}]}}