{"id":28,"date":"2018-06-07T19:36:40","date_gmt":"2018-06-07T19:36:40","guid":{"rendered":"http:\/\/sibyllebayda.de\/?page_id=28"},"modified":"2018-07-04T21:17:04","modified_gmt":"2018-07-04T21:17:04","slug":"theta","status":"publish","type":"page","link":"https:\/\/sibyllebayda.de\/","title":{"rendered":"Gestalttherapeutische Beratung"},"content":{"rendered":"<p>Gestalttherapeutische Beratung von Einzelpersonen<\/p>\n<p>Meine Beratungsarbeit gr\u00fcndet sich auf den erlebnis- und erfahrungsorientierten Gestaltansatz nach Lore und Fritz Pearls und Paul Goodman. Achtsamkeit und Bewusstwerdung sind hierbei von zentraler Bedeutung. Ausgehend von der W\u00fcrdigung des So- und Geworden-Seins und der Grundvoraussetzung f\u00fcr Ver\u00e4nderung -n\u00e4mlich der Erkenntnis und Annahme dessen, was ist- begleite ich sie auf dem Weg zu einem erf\u00fcllten Sein, zu einem aktiven Gestalten ihres\u00a0 Lebens. In meiner Arbeit geht es nicht darum, alles Erlebte wieder ans Tageslicht zu bringen, sondern die darunter liegenden vergrabenen Emotionen, Urteile, \u00c4ngste und Glaubenss\u00e4tze aufzusp\u00fcren, sie behutsam zu Tage zu f\u00f6rdern und sich damit anzunehmen. Von der Frage \u201eWer bin ich jetzt?\u201c\u00a0 zu den Fragen \u201eWer m\u00f6chte ich sein?\u201c\u00a0 und \u201eWas ist meine Lebensaufgabe hier in dieser Welt?\u201c, \u201eWie kann ich eine gesunde und erf\u00fcllende Beziehung f\u00fchren?\u201c\u00a0 Aufsp\u00fcren und L\u00f6sen hindernder Glaubensmuster, Arbeit mit Ressourcen, Einsatz kreativer Medien, Achtsamkeits- und K\u00f6rperwahrnehmungs\u00fcbungen sind Methoden, die ich hierbei einflie\u00dfen lasse.<\/p>\n","protected":false},"excerpt":{"rendered":"<p>Gestalttherapeutische Beratung von Einzelpersonen Meine Beratungsarbeit gr\u00fcndet sich auf den erlebnis- und erfahrungsorientierten Gestaltansatz nach Lore und Fritz Pearls und Paul Goodman. Achtsamkeit und Bewusstwerdung sind hierbei von zentraler Bedeutung. Ausgehend von der W\u00fcrdigung des So- und Geworden-Seins und der Grundvoraussetzung f\u00fcr Ver\u00e4nderung -n\u00e4mlich der Erkenntnis und Annahme dessen, was ist- begleite ich sie auf [&hellip;]<\/p>\n","protected":false},"author":1,"featured_media":0,"parent":0,"menu_order":0,"comment_status":"closed","ping_status":"closed","template":"","meta":[],"_links":{"self":[{"href":"https:\/\/sibyllebayda.de\/index.php?rest_route=\/wp\/v2\/pages\/28"}],"collection":[{"href":"https:\/\/sibyllebayda.de\/index.php?rest_route=\/wp\/v2\/pages"}],"about":[{"href":"https:\/\/sibyllebayda.de\/index.php?rest_route=\/wp\/v2\/types\/page"}],"author":[{"embeddable":true,"href":"https:\/\/sibyllebayda.de\/index.php?rest_route=\/wp\/v2\/users\/1"}],"replies":[{"embeddable":true,"href":"https:\/\/sibyllebayda.de\/index.php?rest_route=%2Fwp%2Fv2%2Fcomments&post=28"}],"version-history":[{"count":8,"href":"https:\/\/sibyllebayda.de\/index.php?rest_route=\/wp\/v2\/pages\/28\/revisions"}],"predecessor-version":[{"id":157,"href":"https:\/\/sibyllebayda.de\/index.php?rest_route=\/wp\/v2\/pages\/28\/revisions\/157"}],"wp:attachment":[{"href":"https:\/\/sibyllebayda.de\/index.php?rest_route=%2Fwp%2Fv2%2Fmedia&parent=28"}],"curies":[{"name":"wp","href":"https:\/\/api.w.org\/{rel}","templated":true}]}}