{"id":110,"date":"2018-07-01T13:42:17","date_gmt":"2018-07-01T13:42:17","guid":{"rendered":"http:\/\/sibyllebayda.de\/?page_id=110"},"modified":"2018-10-02T17:40:15","modified_gmt":"2018-10-02T17:40:15","slug":"coaching","status":"publish","type":"page","link":"https:\/\/sibyllebayda.de\/?page_id=110","title":{"rendered":"Coaching"},"content":{"rendered":"<p>Berufliches Coaching biete ich sowohl f\u00fcr Einzelpersonen an wie auch f\u00fcr Teams.<\/p>\n<p>Mein Angebot im <strong>beruflichen Einzel-Coaching<\/strong> umfasst folgende Themen:<\/p>\n<p>Kl\u00e4rung der beruflichen Situation, Zeitmanagement, Selbstf\u00fcrsorge, Visionssuche und Begleitung bei dem Wunsch nach beruflicher Ver\u00e4nderung.<\/p>\n<p>Mein Angebot im <strong>Team-Coaching<\/strong> beinhaltet folgende Zielsetzungen:<\/p>\n<p>F\u00f6rderung konstruktiver Kommunikation zwischen den Menschen, die mit gemeinsamen Aufgaben betraut sind, Aufsp\u00fcren und Vertreten der eigenen Positionen und Handlungsm\u00f6glichkeiten bei auftretenden Konflikten,Verbesserung von Arbeitszufriedenheit und Arbeitsqualit\u00e4t, F\u00f6rderung von Transparenz und Einsicht in die eigenen Arbeitsaufgaben und in die Hintergr\u00fcnde der Arbeitsorganisation, Erweiterung des eigenen Freiraumes, der Handlungs- und Gestaltungsm\u00f6glichkeiten im eigenen Arbeitsfeld, Reflexion der pers\u00f6nlichen und strukturellen Grenzen.<\/p>\n<p>&nbsp;<\/p>\n","protected":false},"excerpt":{"rendered":"<p>Berufliches Coaching biete ich sowohl f\u00fcr Einzelpersonen an wie auch f\u00fcr Teams. Mein Angebot im beruflichen Einzel-Coaching umfasst folgende Themen: Kl\u00e4rung der beruflichen Situation, Zeitmanagement, Selbstf\u00fcrsorge, Visionssuche und Begleitung bei dem Wunsch nach beruflicher Ver\u00e4nderung. Mein Angebot im Team-Coaching beinhaltet folgende Zielsetzungen: F\u00f6rderung konstruktiver Kommunikation zwischen den Menschen, die mit gemeinsamen Aufgaben betraut sind, Aufsp\u00fcren [&hellip;]<\/p>\n","protected":false},"author":1,"featured_media":0,"parent":0,"menu_order":0,"comment_status":"closed","ping_status":"closed","template":"","meta":[],"_links":{"self":[{"href":"https:\/\/sibyllebayda.de\/index.php?rest_route=\/wp\/v2\/pages\/110"}],"collection":[{"href":"https:\/\/sibyllebayda.de\/index.php?rest_route=\/wp\/v2\/pages"}],"about":[{"href":"https:\/\/sibyllebayda.de\/index.php?rest_route=\/wp\/v2\/types\/page"}],"author":[{"embeddable":true,"href":"https:\/\/sibyllebayda.de\/index.php?rest_route=\/wp\/v2\/users\/1"}],"replies":[{"embeddable":true,"href":"https:\/\/sibyllebayda.de\/index.php?rest_route=%2Fwp%2Fv2%2Fcomments&post=110"}],"version-history":[{"count":3,"href":"https:\/\/sibyllebayda.de\/index.php?rest_route=\/wp\/v2\/pages\/110\/revisions"}],"predecessor-version":[{"id":116,"href":"https:\/\/sibyllebayda.de\/index.php?rest_route=\/wp\/v2\/pages\/110\/revisions\/116"}],"wp:attachment":[{"href":"https:\/\/sibyllebayda.de\/index.php?rest_route=%2Fwp%2Fv2%2Fmedia&parent=110"}],"curies":[{"name":"wp","href":"https:\/\/api.w.org\/{rel}","templated":true}]}}